{"id":4208,"date":"2018-07-13T09:30:31","date_gmt":"2018-07-13T09:30:31","guid":{"rendered":"https:\/\/abanicoscarbonell.com\/abanico\/se9323\/"},"modified":"2018-07-13T09:30:31","modified_gmt":"2018-07-13T09:30:31","slug":"se9323","status":"publish","type":"product","link":"https:\/\/www.abanicoscarbonell.com\/en\/producto\/se9323\/","title":{"rendered":"SE9323"},"content":{"rendered":"<p>Birch wood fan. Hand polished<br \/>\nMounted with cloth of natural silk. Hand painted by Coral Monle\u00f3n (Valencia &#8211; Spain)<br \/>\nOriginal design of a flower on red backgrounds. Measures 52 x 27 cm.<br \/>\n*** STOCK &#8211; 1 HANDFAN ***<\/p>\n","protected":false},"excerpt":{"rendered":"<p>Birch wood fan. Hand polished Mounted with cloth of natural silk. Hand painted by Coral Monle\u00f3n (Valencia &#8211; Spain) Original design of a flower on red backgrounds. Measures 52 x 27 cm. *** STOCK &#8211; 1 HANDFAN ***<\/p>\n","protected":false},"featured_media":4201,"template":"","meta":[],"product_brand":[],"product_cat":[128],"product_tag":[291,379,235,202,200],"class_list":{"0":"post-4208","1":"product","2":"type-product","3":"status-publish","4":"has-post-thumbnail","6":"product_cat-silks","7":"product_tag-birch-wood-handfan","8":"product_tag-exclusive-handfan","9":"product_tag-silk-handfan","10":"product_tag-spanish-handfan","11":"product_tag-valencian-handfan","13":"first","14":"instock","15":"shipping-taxable","16":"purchasable","17":"product-type-simple"},"yoast_head":"<!-- This site is optimized with the Yoast SEO plugin v26.0 - https:\/\/yoast.com\/wordpress\/plugins\/seo\/ -->\n<title>SE9323 - Abanicos Carbonell<\/title>\n<meta name=\"robots\" content=\"index, follow, max-snippet:-1, max-image-preview:large, max-video-preview:-1\" \/>\n<link rel=\"canonical\" href=\"https:\/\/www.abanicoscarbonell.com\/en\/producto\/se9323\/\" \/>\n<meta property=\"og:locale\" content=\"en_US\" \/>\n<meta property=\"og:type\" content=\"article\" \/>\n<meta property=\"og:title\" content=\"SE9323 - Abanicos Carbonell\" \/>\n<meta property=\"og:description\" content=\"Birch wood fan. Hand polished Mounted with cloth of natural silk. Hand painted by Coral Monle\u00f3n (Valencia &#8211; Spain) Original design of a flower on red backgrounds. Measures 52 x 27 cm. *** STOCK &#8211; 1 HANDFAN ***\" \/>\n<meta property=\"og:url\" content=\"https:\/\/www.abanicoscarbonell.com\/en\/producto\/se9323\/\" \/>\n<meta property=\"og:site_name\" content=\"Abanicos Carbonell\" \/>\n<meta property=\"article:publisher\" content=\"https:\/\/www.facebook.com\/abanicoscarbonell\/\" \/>\n<meta property=\"og:image\" content=\"https:\/\/www.abanicoscarbonell.com\/wp-content\/uploads\/2018\/07\/SE9323.jpg\" \/>\n\t<meta property=\"og:image:width\" content=\"600\" \/>\n\t<meta property=\"og:image:height\" content=\"450\" \/>\n\t<meta property=\"og:image:type\" content=\"image\/jpeg\" \/>\n<meta name=\"twitter:card\" content=\"summary_large_image\" \/>\n<meta name=\"twitter:site\" content=\"@HandfanCarbonel\" \/>\n<script type=\"application\/ld+json\" class=\"yoast-schema-graph\">{\"@context\":\"https:\/\/schema.org\",\"@graph\":[{\"@type\":\"WebPage\",\"@id\":\"https:\/\/www.abanicoscarbonell.com\/en\/producto\/se9323\/\",\"url\":\"https:\/\/www.abanicoscarbonell.com\/en\/producto\/se9323\/\",\"name\":\"SE9323 - Abanicos Carbonell\",\"isPartOf\":{\"@id\":\"https:\/\/www.abanicoscarbonell.com\/en\/#website\"},\"primaryImageOfPage\":{\"@id\":\"https:\/\/www.abanicoscarbonell.com\/en\/producto\/se9323\/#primaryimage\"},\"image\":{\"@id\":\"https:\/\/www.abanicoscarbonell.com\/en\/producto\/se9323\/#primaryimage\"},\"thumbnailUrl\":\"https:\/\/www.abanicoscarbonell.com\/wp-content\/uploads\/2018\/07\/SE9323.jpg\",\"datePublished\":\"2018-07-13T09:30:31+00:00\",\"breadcrumb\":{\"@id\":\"https:\/\/www.abanicoscarbonell.com\/en\/producto\/se9323\/#breadcrumb\"},\"inLanguage\":\"en-US\",\"potentialAction\":[{\"@type\":\"ReadAction\",\"target\":[\"https:\/\/www.abanicoscarbonell.com\/en\/producto\/se9323\/\"]}]},{\"@type\":\"ImageObject\",\"inLanguage\":\"en-US\",\"@id\":\"https:\/\/www.abanicoscarbonell.com\/en\/producto\/se9323\/#primaryimage\",\"url\":\"https:\/\/www.abanicoscarbonell.com\/wp-content\/uploads\/2018\/07\/SE9323.jpg\",\"contentUrl\":\"https:\/\/www.abanicoscarbonell.com\/wp-content\/uploads\/2018\/07\/SE9323.jpg\",\"width\":600,\"height\":450,\"caption\":\"SE9323\"},{\"@type\":\"BreadcrumbList\",\"@id\":\"https:\/\/www.abanicoscarbonell.com\/en\/producto\/se9323\/#breadcrumb\",\"itemListElement\":[{\"@type\":\"ListItem\",\"position\":1,\"name\":\"Portada\",\"item\":\"https:\/\/www.abanicoscarbonell.com\/en\/\"},{\"@type\":\"ListItem\",\"position\":2,\"name\":\"Shop\",\"item\":\"https:\/\/www.abanicoscarbonell.com\/en\/shop\/\"},{\"@type\":\"ListItem\",\"position\":3,\"name\":\"SE9323\"}]},{\"@type\":\"WebSite\",\"@id\":\"https:\/\/www.abanicoscarbonell.com\/en\/#website\",\"url\":\"https:\/\/www.abanicoscarbonell.com\/en\/\",\"name\":\"Abanicos Carbonell\",\"description\":\"F\u00e1brica Espa\u00f1ola de Abanicos con m\u00e1s de 200 a\u00f1os de historia\",\"publisher\":{\"@id\":\"https:\/\/www.abanicoscarbonell.com\/en\/#organization\"},\"potentialAction\":[{\"@type\":\"SearchAction\",\"target\":{\"@type\":\"EntryPoint\",\"urlTemplate\":\"https:\/\/www.abanicoscarbonell.com\/en\/?s={search_term_string}\"},\"query-input\":{\"@type\":\"PropertyValueSpecification\",\"valueRequired\":true,\"valueName\":\"search_term_string\"}}],\"inLanguage\":\"en-US\"},{\"@type\":\"Organization\",\"@id\":\"https:\/\/www.abanicoscarbonell.com\/en\/#organization\",\"name\":\"Abanicos Carbonell\",\"url\":\"https:\/\/www.abanicoscarbonell.com\/en\/\",\"logo\":{\"@type\":\"ImageObject\",\"inLanguage\":\"en-US\",\"@id\":\"https:\/\/www.abanicoscarbonell.com\/en\/#\/schema\/logo\/image\/\",\"url\":\"https:\/\/www.abanicoscarbonell.com\/wp-content\/uploads\/2018\/06\/logo-web-1.png\",\"contentUrl\":\"https:\/\/www.abanicoscarbonell.com\/wp-content\/uploads\/2018\/06\/logo-web-1.png\",\"width\":156,\"height\":126,\"caption\":\"Abanicos Carbonell\"},\"image\":{\"@id\":\"https:\/\/www.abanicoscarbonell.com\/en\/#\/schema\/logo\/image\/\"},\"sameAs\":[\"https:\/\/www.facebook.com\/abanicoscarbonell\/\",\"https:\/\/x.com\/HandfanCarbonel\",\"https:\/\/www.instagram.com\/abanicos_carbonell\/\",\"https:\/\/www.pinterest.es\/abanicarbonell\/\"]}]}<\/script>\n<!-- \/ Yoast SEO plugin. -->","yoast_head_json":{"title":"SE9323 - Abanicos Carbonell","robots":{"index":"index","follow":"follow","max-snippet":"max-snippet:-1","max-image-preview":"max-image-preview:large","max-video-preview":"max-video-preview:-1"},"canonical":"https:\/\/www.abanicoscarbonell.com\/en\/producto\/se9323\/","og_locale":"en_US","og_type":"article","og_title":"SE9323 - Abanicos Carbonell","og_description":"Birch wood fan. Hand polished Mounted with cloth of natural silk. Hand painted by Coral Monle\u00f3n (Valencia &#8211; Spain) Original design of a flower on red backgrounds. Measures 52 x 27 cm. *** STOCK &#8211; 1 HANDFAN ***","og_url":"https:\/\/www.abanicoscarbonell.com\/en\/producto\/se9323\/","og_site_name":"Abanicos Carbonell","article_publisher":"https:\/\/www.facebook.com\/abanicoscarbonell\/","og_image":[{"width":600,"height":450,"url":"https:\/\/www.abanicoscarbonell.com\/wp-content\/uploads\/2018\/07\/SE9323.jpg","type":"image\/jpeg"}],"twitter_card":"summary_large_image","twitter_site":"@HandfanCarbonel","schema":{"@context":"https:\/\/schema.org","@graph":[{"@type":"WebPage","@id":"https:\/\/www.abanicoscarbonell.com\/en\/producto\/se9323\/","url":"https:\/\/www.abanicoscarbonell.com\/en\/producto\/se9323\/","name":"SE9323 - Abanicos Carbonell","isPartOf":{"@id":"https:\/\/www.abanicoscarbonell.com\/en\/#website"},"primaryImageOfPage":{"@id":"https:\/\/www.abanicoscarbonell.com\/en\/producto\/se9323\/#primaryimage"},"image":{"@id":"https:\/\/www.abanicoscarbonell.com\/en\/producto\/se9323\/#primaryimage"},"thumbnailUrl":"https:\/\/www.abanicoscarbonell.com\/wp-content\/uploads\/2018\/07\/SE9323.jpg","datePublished":"2018-07-13T09:30:31+00:00","breadcrumb":{"@id":"https:\/\/www.abanicoscarbonell.com\/en\/producto\/se9323\/#breadcrumb"},"inLanguage":"en-US","potentialAction":[{"@type":"ReadAction","target":["https:\/\/www.abanicoscarbonell.com\/en\/producto\/se9323\/"]}]},{"@type":"ImageObject","inLanguage":"en-US","@id":"https:\/\/www.abanicoscarbonell.com\/en\/producto\/se9323\/#primaryimage","url":"https:\/\/www.abanicoscarbonell.com\/wp-content\/uploads\/2018\/07\/SE9323.jpg","contentUrl":"https:\/\/www.abanicoscarbonell.com\/wp-content\/uploads\/2018\/07\/SE9323.jpg","width":600,"height":450,"caption":"SE9323"},{"@type":"BreadcrumbList","@id":"https:\/\/www.abanicoscarbonell.com\/en\/producto\/se9323\/#breadcrumb","itemListElement":[{"@type":"ListItem","position":1,"name":"Portada","item":"https:\/\/www.abanicoscarbonell.com\/en\/"},{"@type":"ListItem","position":2,"name":"Shop","item":"https:\/\/www.abanicoscarbonell.com\/en\/shop\/"},{"@type":"ListItem","position":3,"name":"SE9323"}]},{"@type":"WebSite","@id":"https:\/\/www.abanicoscarbonell.com\/en\/#website","url":"https:\/\/www.abanicoscarbonell.com\/en\/","name":"Abanicos Carbonell","description":"F\u00e1brica Espa\u00f1ola de Abanicos con m\u00e1s de 200 a\u00f1os de historia","publisher":{"@id":"https:\/\/www.abanicoscarbonell.com\/en\/#organization"},"potentialAction":[{"@type":"SearchAction","target":{"@type":"EntryPoint","urlTemplate":"https:\/\/www.abanicoscarbonell.com\/en\/?s={search_term_string}"},"query-input":{"@type":"PropertyValueSpecification","valueRequired":true,"valueName":"search_term_string"}}],"inLanguage":"en-US"},{"@type":"Organization","@id":"https:\/\/www.abanicoscarbonell.com\/en\/#organization","name":"Abanicos Carbonell","url":"https:\/\/www.abanicoscarbonell.com\/en\/","logo":{"@type":"ImageObject","inLanguage":"en-US","@id":"https:\/\/www.abanicoscarbonell.com\/en\/#\/schema\/logo\/image\/","url":"https:\/\/www.abanicoscarbonell.com\/wp-content\/uploads\/2018\/06\/logo-web-1.png","contentUrl":"https:\/\/www.abanicoscarbonell.com\/wp-content\/uploads\/2018\/06\/logo-web-1.png","width":156,"height":126,"caption":"Abanicos Carbonell"},"image":{"@id":"https:\/\/www.abanicoscarbonell.com\/en\/#\/schema\/logo\/image\/"},"sameAs":["https:\/\/www.facebook.com\/abanicoscarbonell\/","https:\/\/x.com\/HandfanCarbonel","https:\/\/www.instagram.com\/abanicos_carbonell\/","https:\/\/www.pinterest.es\/abanicarbonell\/"]}]}},"_links":{"self":[{"href":"https:\/\/www.abanicoscarbonell.com\/en\/wp-json\/wp\/v2\/product\/4208","targetHints":{"allow":["GET"]}}],"collection":[{"href":"https:\/\/www.abanicoscarbonell.com\/en\/wp-json\/wp\/v2\/product"}],"about":[{"href":"https:\/\/www.abanicoscarbonell.com\/en\/wp-json\/wp\/v2\/types\/product"}],"wp:featuredmedia":[{"embeddable":true,"href":"https:\/\/www.abanicoscarbonell.com\/en\/wp-json\/wp\/v2\/media\/4201"}],"wp:attachment":[{"href":"https:\/\/www.abanicoscarbonell.com\/en\/wp-json\/wp\/v2\/media?parent=4208"}],"wp:term":[{"taxonomy":"product_brand","embeddable":true,"href":"https:\/\/www.abanicoscarbonell.com\/en\/wp-json\/wp\/v2\/product_brand?post=4208"},{"taxonomy":"product_cat","embeddable":true,"href":"https:\/\/www.abanicoscarbonell.com\/en\/wp-json\/wp\/v2\/product_cat?post=4208"},{"taxonomy":"product_tag","embeddable":true,"href":"https:\/\/www.abanicoscarbonell.com\/en\/wp-json\/wp\/v2\/product_tag?post=4208"}],"curies":[{"name":"wp","href":"https:\/\/api.w.org\/{rel}","templated":true}]}}