{"id":3303,"date":"2018-07-06T15:36:35","date_gmt":"2018-07-06T15:36:35","guid":{"rendered":"https:\/\/abanicoscarbonell.com\/abanico\/pu0040\/"},"modified":"2018-10-31T12:56:48","modified_gmt":"2018-10-31T12:56:48","slug":"pu0040","status":"publish","type":"product","link":"https:\/\/www.abanicoscarbonell.com\/en\/producto\/pu0040\/","title":{"rendered":"PU0040"},"content":{"rendered":"<p>Handfan with linkage made of white mother-of-pearl, from France from the end of the 19th century, openwork and decorated by hand.<br \/>\nMounted with lace fabric (country) and three gauze medallions. Hand painted by M. Esteve, father and teacher of a whole series of Valencia fan painters.<br \/>\nThe fan was acquired in Buenos Aires and restored in Valencia at the end of the 20th century.<br \/>\nThe ring and the pin, made of glass, are those of origin. Measures 46 x 24.5 cm.<\/p>\n","protected":false},"excerpt":{"rendered":"<p>Handfan with linkage made of white mother-of-pearl, from France from the end of the 19th century, openwork and decorated by hand. Mounted with lace fabric (country) and three gauze medallions. Hand painted by M. Esteve, father and teacher of a whole series of Valencia fan painters. The fan was acquired in Buenos Aires and restored&#8230; <a class=\"read-more p-color\" rel=\"bookmark\" title=\"PU0040\" href=\"https:\/\/www.abanicoscarbonell.com\/en\/producto\/pu0040\/\">View more<\/a><\/p>\n","protected":false},"featured_media":6493,"template":"","meta":[],"product_brand":[],"product_cat":[117],"product_tag":[180,182,190],"class_list":{"0":"post-3303","1":"product","2":"type-product","3":"status-publish","4":"has-post-thumbnail","6":"product_cat-historical","7":"product_tag-historical-handfan","8":"product_tag-mother-of-pearl-handfan","9":"product_tag-sxix-handfan","11":"first","12":"instock","13":"shipping-taxable","14":"purchasable","15":"product-type-simple"},"yoast_head":"<!-- This site is optimized with the Yoast SEO plugin v26.0 - https:\/\/yoast.com\/wordpress\/plugins\/seo\/ -->\n<title>PU0040 - Abanicos Carbonell<\/title>\n<meta name=\"robots\" content=\"index, follow, max-snippet:-1, max-image-preview:large, max-video-preview:-1\" \/>\n<link rel=\"canonical\" href=\"https:\/\/www.abanicoscarbonell.com\/en\/producto\/pu0040\/\" \/>\n<meta property=\"og:locale\" content=\"en_US\" \/>\n<meta property=\"og:type\" content=\"article\" \/>\n<meta property=\"og:title\" content=\"PU0040 - Abanicos Carbonell\" \/>\n<meta property=\"og:description\" content=\"Handfan with linkage made of white mother-of-pearl, from France from the end of the 19th century, openwork and decorated by hand. Mounted with lace fabric (country) and three gauze medallions. Hand painted by M. Esteve, father and teacher of a whole series of Valencia fan painters. The fan was acquired in Buenos Aires and restored... View more\" \/>\n<meta property=\"og:url\" content=\"https:\/\/www.abanicoscarbonell.com\/en\/producto\/pu0040\/\" \/>\n<meta property=\"og:site_name\" content=\"Abanicos Carbonell\" \/>\n<meta property=\"article:publisher\" content=\"https:\/\/www.facebook.com\/abanicoscarbonell\/\" \/>\n<meta property=\"article:modified_time\" content=\"2018-10-31T12:56:48+00:00\" \/>\n<meta property=\"og:image\" content=\"https:\/\/www.abanicoscarbonell.com\/wp-content\/uploads\/2018\/07\/PU0040.jpg\" \/>\n\t<meta property=\"og:image:width\" content=\"600\" \/>\n\t<meta property=\"og:image:height\" content=\"450\" \/>\n\t<meta property=\"og:image:type\" content=\"image\/jpeg\" \/>\n<meta name=\"twitter:card\" content=\"summary_large_image\" \/>\n<meta name=\"twitter:site\" content=\"@HandfanCarbonel\" \/>\n<script type=\"application\/ld+json\" class=\"yoast-schema-graph\">{\"@context\":\"https:\/\/schema.org\",\"@graph\":[{\"@type\":\"WebPage\",\"@id\":\"https:\/\/www.abanicoscarbonell.com\/en\/producto\/pu0040\/\",\"url\":\"https:\/\/www.abanicoscarbonell.com\/en\/producto\/pu0040\/\",\"name\":\"PU0040 - Abanicos Carbonell\",\"isPartOf\":{\"@id\":\"https:\/\/www.abanicoscarbonell.com\/en\/#website\"},\"primaryImageOfPage\":{\"@id\":\"https:\/\/www.abanicoscarbonell.com\/en\/producto\/pu0040\/#primaryimage\"},\"image\":{\"@id\":\"https:\/\/www.abanicoscarbonell.com\/en\/producto\/pu0040\/#primaryimage\"},\"thumbnailUrl\":\"https:\/\/www.abanicoscarbonell.com\/wp-content\/uploads\/2018\/07\/PU0040.jpg\",\"datePublished\":\"2018-07-06T15:36:35+00:00\",\"dateModified\":\"2018-10-31T12:56:48+00:00\",\"breadcrumb\":{\"@id\":\"https:\/\/www.abanicoscarbonell.com\/en\/producto\/pu0040\/#breadcrumb\"},\"inLanguage\":\"en-US\",\"potentialAction\":[{\"@type\":\"ReadAction\",\"target\":[\"https:\/\/www.abanicoscarbonell.com\/en\/producto\/pu0040\/\"]}]},{\"@type\":\"ImageObject\",\"inLanguage\":\"en-US\",\"@id\":\"https:\/\/www.abanicoscarbonell.com\/en\/producto\/pu0040\/#primaryimage\",\"url\":\"https:\/\/www.abanicoscarbonell.com\/wp-content\/uploads\/2018\/07\/PU0040.jpg\",\"contentUrl\":\"https:\/\/www.abanicoscarbonell.com\/wp-content\/uploads\/2018\/07\/PU0040.jpg\",\"width\":600,\"height\":450,\"caption\":\"PU0040\"},{\"@type\":\"BreadcrumbList\",\"@id\":\"https:\/\/www.abanicoscarbonell.com\/en\/producto\/pu0040\/#breadcrumb\",\"itemListElement\":[{\"@type\":\"ListItem\",\"position\":1,\"name\":\"Portada\",\"item\":\"https:\/\/www.abanicoscarbonell.com\/en\/\"},{\"@type\":\"ListItem\",\"position\":2,\"name\":\"Shop\",\"item\":\"https:\/\/www.abanicoscarbonell.com\/en\/shop\/\"},{\"@type\":\"ListItem\",\"position\":3,\"name\":\"PU0040\"}]},{\"@type\":\"WebSite\",\"@id\":\"https:\/\/www.abanicoscarbonell.com\/en\/#website\",\"url\":\"https:\/\/www.abanicoscarbonell.com\/en\/\",\"name\":\"Abanicos Carbonell\",\"description\":\"F\u00e1brica Espa\u00f1ola de Abanicos con m\u00e1s de 200 a\u00f1os de historia\",\"publisher\":{\"@id\":\"https:\/\/www.abanicoscarbonell.com\/en\/#organization\"},\"potentialAction\":[{\"@type\":\"SearchAction\",\"target\":{\"@type\":\"EntryPoint\",\"urlTemplate\":\"https:\/\/www.abanicoscarbonell.com\/en\/?s={search_term_string}\"},\"query-input\":{\"@type\":\"PropertyValueSpecification\",\"valueRequired\":true,\"valueName\":\"search_term_string\"}}],\"inLanguage\":\"en-US\"},{\"@type\":\"Organization\",\"@id\":\"https:\/\/www.abanicoscarbonell.com\/en\/#organization\",\"name\":\"Abanicos Carbonell\",\"url\":\"https:\/\/www.abanicoscarbonell.com\/en\/\",\"logo\":{\"@type\":\"ImageObject\",\"inLanguage\":\"en-US\",\"@id\":\"https:\/\/www.abanicoscarbonell.com\/en\/#\/schema\/logo\/image\/\",\"url\":\"https:\/\/www.abanicoscarbonell.com\/wp-content\/uploads\/2018\/06\/logo-web-1.png\",\"contentUrl\":\"https:\/\/www.abanicoscarbonell.com\/wp-content\/uploads\/2018\/06\/logo-web-1.png\",\"width\":156,\"height\":126,\"caption\":\"Abanicos Carbonell\"},\"image\":{\"@id\":\"https:\/\/www.abanicoscarbonell.com\/en\/#\/schema\/logo\/image\/\"},\"sameAs\":[\"https:\/\/www.facebook.com\/abanicoscarbonell\/\",\"https:\/\/x.com\/HandfanCarbonel\",\"https:\/\/www.instagram.com\/abanicos_carbonell\/\",\"https:\/\/www.pinterest.es\/abanicarbonell\/\"]}]}<\/script>\n<!-- \/ Yoast SEO plugin. -->","yoast_head_json":{"title":"PU0040 - Abanicos Carbonell","robots":{"index":"index","follow":"follow","max-snippet":"max-snippet:-1","max-image-preview":"max-image-preview:large","max-video-preview":"max-video-preview:-1"},"canonical":"https:\/\/www.abanicoscarbonell.com\/en\/producto\/pu0040\/","og_locale":"en_US","og_type":"article","og_title":"PU0040 - Abanicos Carbonell","og_description":"Handfan with linkage made of white mother-of-pearl, from France from the end of the 19th century, openwork and decorated by hand. Mounted with lace fabric (country) and three gauze medallions. Hand painted by M. Esteve, father and teacher of a whole series of Valencia fan painters. The fan was acquired in Buenos Aires and restored... View more","og_url":"https:\/\/www.abanicoscarbonell.com\/en\/producto\/pu0040\/","og_site_name":"Abanicos Carbonell","article_publisher":"https:\/\/www.facebook.com\/abanicoscarbonell\/","article_modified_time":"2018-10-31T12:56:48+00:00","og_image":[{"width":600,"height":450,"url":"https:\/\/www.abanicoscarbonell.com\/wp-content\/uploads\/2018\/07\/PU0040.jpg","type":"image\/jpeg"}],"twitter_card":"summary_large_image","twitter_site":"@HandfanCarbonel","schema":{"@context":"https:\/\/schema.org","@graph":[{"@type":"WebPage","@id":"https:\/\/www.abanicoscarbonell.com\/en\/producto\/pu0040\/","url":"https:\/\/www.abanicoscarbonell.com\/en\/producto\/pu0040\/","name":"PU0040 - Abanicos Carbonell","isPartOf":{"@id":"https:\/\/www.abanicoscarbonell.com\/en\/#website"},"primaryImageOfPage":{"@id":"https:\/\/www.abanicoscarbonell.com\/en\/producto\/pu0040\/#primaryimage"},"image":{"@id":"https:\/\/www.abanicoscarbonell.com\/en\/producto\/pu0040\/#primaryimage"},"thumbnailUrl":"https:\/\/www.abanicoscarbonell.com\/wp-content\/uploads\/2018\/07\/PU0040.jpg","datePublished":"2018-07-06T15:36:35+00:00","dateModified":"2018-10-31T12:56:48+00:00","breadcrumb":{"@id":"https:\/\/www.abanicoscarbonell.com\/en\/producto\/pu0040\/#breadcrumb"},"inLanguage":"en-US","potentialAction":[{"@type":"ReadAction","target":["https:\/\/www.abanicoscarbonell.com\/en\/producto\/pu0040\/"]}]},{"@type":"ImageObject","inLanguage":"en-US","@id":"https:\/\/www.abanicoscarbonell.com\/en\/producto\/pu0040\/#primaryimage","url":"https:\/\/www.abanicoscarbonell.com\/wp-content\/uploads\/2018\/07\/PU0040.jpg","contentUrl":"https:\/\/www.abanicoscarbonell.com\/wp-content\/uploads\/2018\/07\/PU0040.jpg","width":600,"height":450,"caption":"PU0040"},{"@type":"BreadcrumbList","@id":"https:\/\/www.abanicoscarbonell.com\/en\/producto\/pu0040\/#breadcrumb","itemListElement":[{"@type":"ListItem","position":1,"name":"Portada","item":"https:\/\/www.abanicoscarbonell.com\/en\/"},{"@type":"ListItem","position":2,"name":"Shop","item":"https:\/\/www.abanicoscarbonell.com\/en\/shop\/"},{"@type":"ListItem","position":3,"name":"PU0040"}]},{"@type":"WebSite","@id":"https:\/\/www.abanicoscarbonell.com\/en\/#website","url":"https:\/\/www.abanicoscarbonell.com\/en\/","name":"Abanicos Carbonell","description":"F\u00e1brica Espa\u00f1ola de Abanicos con m\u00e1s de 200 a\u00f1os de historia","publisher":{"@id":"https:\/\/www.abanicoscarbonell.com\/en\/#organization"},"potentialAction":[{"@type":"SearchAction","target":{"@type":"EntryPoint","urlTemplate":"https:\/\/www.abanicoscarbonell.com\/en\/?s={search_term_string}"},"query-input":{"@type":"PropertyValueSpecification","valueRequired":true,"valueName":"search_term_string"}}],"inLanguage":"en-US"},{"@type":"Organization","@id":"https:\/\/www.abanicoscarbonell.com\/en\/#organization","name":"Abanicos Carbonell","url":"https:\/\/www.abanicoscarbonell.com\/en\/","logo":{"@type":"ImageObject","inLanguage":"en-US","@id":"https:\/\/www.abanicoscarbonell.com\/en\/#\/schema\/logo\/image\/","url":"https:\/\/www.abanicoscarbonell.com\/wp-content\/uploads\/2018\/06\/logo-web-1.png","contentUrl":"https:\/\/www.abanicoscarbonell.com\/wp-content\/uploads\/2018\/06\/logo-web-1.png","width":156,"height":126,"caption":"Abanicos Carbonell"},"image":{"@id":"https:\/\/www.abanicoscarbonell.com\/en\/#\/schema\/logo\/image\/"},"sameAs":["https:\/\/www.facebook.com\/abanicoscarbonell\/","https:\/\/x.com\/HandfanCarbonel","https:\/\/www.instagram.com\/abanicos_carbonell\/","https:\/\/www.pinterest.es\/abanicarbonell\/"]}]}},"_links":{"self":[{"href":"https:\/\/www.abanicoscarbonell.com\/en\/wp-json\/wp\/v2\/product\/3303","targetHints":{"allow":["GET"]}}],"collection":[{"href":"https:\/\/www.abanicoscarbonell.com\/en\/wp-json\/wp\/v2\/product"}],"about":[{"href":"https:\/\/www.abanicoscarbonell.com\/en\/wp-json\/wp\/v2\/types\/product"}],"wp:featuredmedia":[{"embeddable":true,"href":"https:\/\/www.abanicoscarbonell.com\/en\/wp-json\/wp\/v2\/media\/6493"}],"wp:attachment":[{"href":"https:\/\/www.abanicoscarbonell.com\/en\/wp-json\/wp\/v2\/media?parent=3303"}],"wp:term":[{"taxonomy":"product_brand","embeddable":true,"href":"https:\/\/www.abanicoscarbonell.com\/en\/wp-json\/wp\/v2\/product_brand?post=3303"},{"taxonomy":"product_cat","embeddable":true,"href":"https:\/\/www.abanicoscarbonell.com\/en\/wp-json\/wp\/v2\/product_cat?post=3303"},{"taxonomy":"product_tag","embeddable":true,"href":"https:\/\/www.abanicoscarbonell.com\/en\/wp-json\/wp\/v2\/product_tag?post=3303"}],"curies":[{"name":"wp","href":"https:\/\/api.w.org\/{rel}","templated":true}]}}