{"id":6261,"date":"2015-09-23T01:31:41","date_gmt":"2015-09-23T01:31:41","guid":{"rendered":"https:\/\/www.abanicoscarbonell.com\/home-07\/"},"modified":"2018-10-08T16:33:00","modified_gmt":"2018-10-08T16:33:00","slug":"home-07","status":"publish","type":"page","link":"https:\/\/www.abanicoscarbonell.com\/en\/","title":{"rendered":"Home"},"content":{"rendered":"<p>[vc_row][vc_column][rev_slider_vc alias=&#8221;slider-inicio-ingles&#8221;][\/vc_column][\/vc_row][vc_row el_class=&#8221;margin-bottom-75&#8243;][vc_column]            <div\n                class=\"handmade-call-action style2 \" >\n                <div class=\"container\">\n                    <p>YOU CAN ALSO VISIT OUR PHYSICAL STORE IN VALENCIA<\/p>\n                    <a class=\"handmade-button style1 button-2x\" href=\"https:\/\/www.google.es\/maps\/place\/Abanicos+Carbonell\/@39.4647371,-0.3754928,15z\/data=!4m5!3m4!1s0x0:0x3718a64e21a38cba!8m2!3d39.4647371!4d-0.3754928\"\n                       target=\" _blank\">Location<\/a>\n                <\/div>\n            <\/div>\n            [\/vc_column][\/vc_row][vc_row layout=&#8221;boxed&#8221; el_class=&#8221;text-center margin-bottom-60&#8243;][vc_column]            <h2 class=\"handmade-heading dark \" >\n                200 years of life            <\/h2>\n            [vc_column_text css=&#8221;.vc_custom_1532677596156{padding-top: 15px !important;}&#8221;]<\/p>\n<p style=\"text-align: center;\">Welcome, we are Guillermo and Paula Carbonell, 4th and 5th generation of a family dedicated to the manufacture of craft handfans.<\/p>\n<p style=\"text-align: center;\">My great-grandfather Arturo Carbonell Rubio started his trade buying an old factory more than 200 years ago.<\/p>\n<p style=\"text-align: center;\">He was followed by my grandfather A. Carbonell Requena, after his death, were his sons Arturo, Ricardo and Jos\u00e9 Carbonell Peydr\u00f3 who continued working in this trade. To this last one, my father, I happened to him initiating me in this artisan work for more than 40 years and learning all his secrets.<\/p>\n<p style=\"text-align: center;\">Now we want to share all those secrets with you.<\/p>\n<p>[\/vc_column_text][\/vc_column][\/vc_row][vc_row layout=&#8221;boxed&#8221; el_class=&#8221;margin-bottom-75&#8243;][vc_column]            <h2 class=\"handmade-heading dark \" >\n                Novelty            <\/h2>\n            <div class=\"woocommerce columns-4 \"><\/div>[\/vc_column][\/vc_row][vc_row layout=&#8221;boxed&#8221;][vc_column width=&#8221;3\/4&#8243; el_class=&#8221;col-md-8 col-sm-12 sm-margin-bottom-30&#8243;]            <h2 class=\"handmade-heading dark \" >\n                Services            <\/h2>\n            [vc_row_inner][vc_column_inner el_class=&#8221;col-md-6 col-sm-12 margin-top-20 margin-bottom-45&#8243; width=&#8221;1\/2&#8243;]\t\t\t<div class=\"handmade-icon-box icon-left style1 dark  \" >\n                <a class=\"ibox-icon\" title=\"HANDMADE\" target=\"_self\" href=\"#\">\n                                                <i class=\"pe-7s-hammer\"><\/i>\n                                        <\/a>\n                                    <h3><a title=\"HANDMADE\" target=\"_self\" href=\"#\">HANDMADE<\/a><\/h3>\n                                <p>Only our hands intervene in the elaboration process.<\/p>\n                \t\t\t<\/div>\n            [\/vc_column_inner][vc_column_inner el_class=&#8221;col-md-6 col-sm-12 margin-top-20 margin-bottom-45&#8243; width=&#8221;1\/2&#8243;]\t\t\t<div class=\"handmade-icon-box icon-left style1 dark  \" >\n                <a class=\"ibox-icon\" title=\"ARTISAN TRADITION\" target=\"_self\" href=\"#\">\n                                                <i class=\"pe-7s-wristwatch\"><\/i>\n                                        <\/a>\n                                    <h3><a title=\"ARTISAN TRADITION\" target=\"_self\" href=\"#\">ARTISAN TRADITION<\/a><\/h3>\n                                <p>200 years making artisan handfans endorse us.<\/p>\n                \t\t\t<\/div>\n            [\/vc_column_inner][vc_column_inner el_class=&#8221;col-md-6 col-sm-12 margin-top-20 margin-bottom-45&#8243; width=&#8221;1\/2&#8243;]\t\t\t<div class=\"handmade-icon-box icon-left style1 dark  \" >\n                <a class=\"ibox-icon\" title=\"SPANISH BRAND\" target=\"_self\" href=\"#\">\n                                                <i class=\"pe-7s-flag\"><\/i>\n                                        <\/a>\n                                    <h3><a title=\"SPANISH BRAND\" target=\"_self\" href=\"#\">SPANISH BRAND<\/a><\/h3>\n                                <p>Our handfans are manufactured 100% in Spain.<\/p>\n                \t\t\t<\/div>\n            [\/vc_column_inner][vc_column_inner el_class=&#8221;col-md-6 col-sm-12 margin-top-20 margin-bottom-45&#8243; width=&#8221;1\/2&#8243;]\t\t\t<div class=\"handmade-icon-box icon-left style1 dark  \" >\n                <a class=\"ibox-icon\" title=\"ALL THE STYLES\" target=\"_self\" href=\"#\">\n                                                <i class=\"pe-7s-gift\"><\/i>\n                                        <\/a>\n                                    <h3><a title=\"ALL THE STYLES\" target=\"_self\" href=\"#\">ALL THE STYLES<\/a><\/h3>\n                                <p>In our store you can find handfans for all occasions.<\/p>\n                \t\t\t<\/div>\n            [\/vc_column_inner][vc_column_inner el_class=&#8221;col-md-6 col-sm-12 margin-top-20 margin-bottom-45&#8243; width=&#8221;1\/2&#8243;]\t\t\t<div class=\"handmade-icon-box icon-left style1 dark  \" >\n                <a class=\"ibox-icon\" title=\"ONLINE STORE\" target=\"_self\" href=\"#\">\n                                                <i class=\"pe-7s-cart\"><\/i>\n                                        <\/a>\n                                    <h3><a title=\"ONLINE STORE\" target=\"_self\" href=\"#\">ONLINE STORE<\/a><\/h3>\n                                <p>All the collection of Abanicos Carbonell C.B in our online store<\/p>\n                \t\t\t<\/div>\n            [\/vc_column_inner][vc_column_inner el_class=&#8221;col-md-6 col-sm-12 margin-top-20 margin-bottom-45&#8243; width=&#8221;1\/2&#8243;]\t\t\t<div class=\"handmade-icon-box icon-left style1 dark  \" >\n                <a class=\"ibox-icon\" title=\"SHIPMENTS TO THE WHOLE WORLD\" target=\"_self\" href=\"#\">\n                                                <i class=\"pe-7s-mail-open-file\"><\/i>\n                                        <\/a>\n                                    <h3><a title=\"SHIPMENTS TO THE WHOLE WORLD\" target=\"_self\" href=\"#\">SHIPMENTS TO THE WHOLE WORLD<\/a><\/h3>\n                                <p>You can buy handfans from anywhere in the world in our online store.<\/p>\n                \t\t\t<\/div>\n            [\/vc_column_inner][\/vc_row_inner][\/vc_column][vc_column width=&#8221;1\/4&#8243; el_class=&#8221;col-md-4 col-sm-12&#8243;]            <h2 class=\"handmade-heading dark \" >\n                Location            <\/h2>\n            [vc_gmaps link=&#8221;#E-8_JTNDaWZyYW1lJTIwc3JjJTNEJTIyaHR0cHMlM0ElMkYlMkZ3d3cuZ29vZ2xlLmNvbSUyRm1hcHMlMkZlbWJlZCUzRnBiJTNEJTIxMW0xNCUyMTFtOCUyMTFtMyUyMTFkMTIzMjAuODEyOTQ3ODc0MjAxJTIxMmQtMC4zNzU0OTI4JTIxM2QzOS40NjQ3MzcxJTIxM20yJTIxMWkxMDI0JTIxMmk3NjglMjE0ZjEzLjElMjEzbTMlMjExbTIlMjExczB4MCUyNTNBMHgzNzE4YTY0ZTIxYTM4Y2JhJTIxMnNBYmFuaWNvcyUyQkNhcmJvbmVsbCUyMTVlMCUyMTNtMiUyMTFzZXMlMjEyc2VzJTIxNHYxNTM4NzQ2NDI1OTM1JTIyJTIwd2lkdGglM0QlMjIzMDAlMjIlMjBoZWlnaHQlM0QlMjIyNTAlMjIlMjBmcmFtZWJvcmRlciUzRCUyMjAlMjIlMjBzdHlsZSUzRCUyMmJvcmRlciUzQTAlMjIlMjBhbGxvd2Z1bGxzY3JlZW4lM0UlM0MlMkZpZnJhbWUlM0U=&#8221;][vc_column_text css=&#8221;.vc_custom_1537797678738{margin-top: 24px !important;}&#8221;]<\/p>\n<p class=\"i-location\">C\/Castell\u00f3n 21,\u00a046004 Valencia<\/p>\n<p class=\"i-phone\">963 41 53 95<\/p>\n<p class=\"i-mail\">info@abanicoscarbonell.com<\/p>\n<p>[\/vc_column_text][\/vc_column][\/vc_row][vc_row layout=&#8221;boxed&#8221; el_class=&#8221;margin-bottom-90&#8243;][vc_column width=&#8221;3\/4&#8243; el_class=&#8221;col-md-8 col-sm-12 sm-margin-bottom-30&#8243;]            <h2 class=\"handmade-heading dark style2\" >\n                The Store            <\/h2>\n            [vc_row_inner][vc_column_inner el_class=&#8221;sm-margin-bottom-30&#8243; width=&#8221;1\/3&#8243;][vc_single_image image=&#8221;3021&#8243; img_size=&#8221;full&#8221; alignment=&#8221;center&#8221;][\/vc_column_inner][vc_column_inner el_class=&#8221;sm-margin-bottom-30&#8243; width=&#8221;1\/3&#8243;][vc_single_image image=&#8221;3027&#8243; img_size=&#8221;full&#8221; alignment=&#8221;center&#8221;][\/vc_column_inner][vc_column_inner el_class=&#8221;sm-margin-bottom-30&#8243; width=&#8221;1\/3&#8243;][vc_single_image image=&#8221;3022&#8243; img_size=&#8221;full&#8221; alignment=&#8221;center&#8221;][\/vc_column_inner][\/vc_row_inner][\/vc_column][vc_column width=&#8221;1\/4&#8243; el_class=&#8221;col-md-4 col-sm-12&#8243;]            <h2 class=\"handmade-heading dark style2\" >\n                Schedule            <\/h2>\n            [vc_column_text]<\/p>\n<p class=\"i-clock\">Monday &#8211; Friday\u00a0 9:30 a 13:30 \/ 16:00 a 20:00<\/p>\n<p class=\"i-clock\">Saturday &#8211; Closed<\/p>\n<p class=\"i-clock\">Sunday &#8211; Closed<\/p>\n<p>[\/vc_column_text][\/vc_column][\/vc_row][vc_row el_class=&#8221;margin-bottom-70&#8243; css=&#8221;.vc_custom_1444733033508{background-color: #333333 !important;}&#8221;][vc_column][vc_row_inner layout=&#8221;boxed&#8221;][vc_column_inner]            <div\n                class=\"handmade-testimonial style3 light \" >\n                <div data-plugin-options='{&quot;singleItem&quot;:false,&quot;items&quot;:2,&quot;itemsDesktop&quot;:[1199, 2],&quot;itemsDesktopSmall&quot;:[980, 1],&quot;itemsTablet&quot;:[768, 1],&quot;pagination&quot;:false,&quot;navigation&quot;:false,&quot;stopOnHover&quot;:false,&quot;autoHeight&quot;:false,&quot;autoPlay&quot;:5000,&quot;slideSpeed&quot;:200,&quot;paginationSpeed&quot;:800,&quot;rewindSpeed&quot;:1000}'\n                     class=\"owl-carousel\">\n                                <div class=\"testimonial-item\">\n                <div class=\"testimonial-avatar\">\n                    <img loading=\"lazy\" decoding=\"async\" class=\"\" src=\"https:\/\/www.abanicoscarbonell.com\/wp-content\/uploads\/2018\/07\/SERGIO-tOSSO-123x123.jpg\" width=\"123\" height=\"123\" alt=\"SERGIO tOSSO\" title=\"SERGIO tOSSO\" \/>                <\/div>\n                <div class=\"testimonial-info\">\n                    <p>&#8220;The best handfans in the world are made in Spain, the best handfan factory in Spain, without a doubt,\nAbanicos Carbonell C.B &#8220;<\/p>\n                                            <h3 class=\"p-color\">Sergio Tosso<\/h3>\n                                                                <span class=\"s-color\">Facebook<\/span>\n                                    <\/div>\n            <\/div>\n                        <div class=\"testimonial-item\">\n                <div class=\"testimonial-avatar\">\n                    <img loading=\"lazy\" decoding=\"async\" class=\"\" src=\"https:\/\/www.abanicoscarbonell.com\/wp-content\/uploads\/2018\/07\/celia-vicent-123x123.jpg\" width=\"123\" height=\"123\" alt=\"celia vicent\" title=\"celia vicent\" \/>                <\/div>\n                <div class=\"testimonial-info\">\n                    <p>&#8220;The best handfans in the world &#8230; Abanicos Carbonell C.B, without competition in quality and beauty, incomparable!&#8221;<\/p>\n                                            <h3 class=\"p-color\">Celia Vicent <\/h3>\n                                                                <span class=\"s-color\">Facebook <\/span>\n                                    <\/div>\n            <\/div>\n                        <div class=\"testimonial-item\">\n                <div class=\"testimonial-avatar\">\n                    <img loading=\"lazy\" decoding=\"async\" class=\"\" src=\"https:\/\/www.abanicoscarbonell.com\/wp-content\/uploads\/2018\/07\/santin\u00ed-prz-123x123.jpg\" width=\"123\" height=\"123\" alt=\"santin\u00ed prz\" title=\"santin\u00ed prz\" \/>                <\/div>\n                <div class=\"testimonial-info\">\n                    <p>&#8220;Excellent artisanal handfans, I have not seen others with such a high level of quality Congratulations Carbonell.&#8221;<\/p>\n                                            <h3 class=\"p-color\">Santin\u00ed Prz<\/h3>\n                                                                <span class=\"s-color\">Facebook <\/span>\n                                    <\/div>\n            <\/div>\n                        <div class=\"testimonial-item\">\n                <div class=\"testimonial-avatar\">\n                    <img loading=\"lazy\" decoding=\"async\" class=\"\" src=\"https:\/\/www.abanicoscarbonell.com\/wp-content\/uploads\/2018\/07\/matuka-nogales-123x123.jpg\" width=\"123\" height=\"123\" alt=\"matuka nogales\" title=\"matuka nogales\" \/>                <\/div>\n                <div class=\"testimonial-info\">\n                    <p>&#8220;It is an emblematic factory, with an old cachet but with a taste for all audiences.&#8221;<\/p>\n                                            <h3 class=\"p-color\">Matuka Nogales<\/h3>\n                                                                <span class=\"s-color\">Facebook <\/span>\n                                    <\/div>\n            <\/div>\n                            <\/div>\n            <\/div>\n            [\/vc_column_inner][\/vc_row_inner][\/vc_column][\/vc_row][vc_row layout=&#8221;boxed&#8221;][vc_column]            <h2 class=\"handmade-heading dark \" >\n                Paula Carbonell            <\/h2>\n            [\/vc_column][\/vc_row][vc_row layout=&#8221;boxed&#8221;][vc_column width=&#8221;1\/2&#8243;][vc_column_text]My name is Paula Carbonell and I am the 5th generation of the Carbonell, a family of handfans makers. Together with my parents, I am in charge of one of the oldest family businesses in the city of Valencia and the Valencian Community (Spain).<\/p>\n<p>With more than 200 years of history behind us, and having grown up between links and paintings at first I was tempted to look elsewhere since I studied fashion design, but the handfan is an art that you want or not, you get infected, you end up surrendered at his feet.<\/p>\n<p>Back home, to the handfans, I decided to take the brushes and started painting on silks because one of our painters had left it. The art of the handfan captivated me, I was good at it, it was in my blood and I decided to create my own collection of Paula Carbonell silk handfans.<\/p>\n<p>They are 100% Spanish handfans, 100% handmade, 100% handmade and above all 100% EXCLUSIVE. I hope you like them as much as I enjoy painting them.[\/vc_column_text][\/vc_column][vc_column width=&#8221;1\/2&#8243;][vc_images_carousel images=&#8221;3092,5571,5730&#8243; img_size=&#8221;full&#8221; autoplay=&#8221;yes&#8221; hide_pagination_control=&#8221;yes&#8221; hide_prev_next_buttons=&#8221;yes&#8221; css_animation=&#8221;fadeIn&#8221;][\/vc_column][\/vc_row][vc_row][vc_column][vc_empty_space][\/vc_column][\/vc_row][vc_row layout=&#8221;boxed&#8221;][vc_column]            <h2 class=\"handmade-heading dark \" >\n                Paula's Handfans            <\/h2>\n            <div class=\"woocommerce columns-4 \"><\/div>[vc_empty_space height=&#8221;60px&#8221;][\/vc_column][\/vc_row][vc_row layout=&#8221;boxed&#8221;][vc_column]            <h2 class=\"handmade-heading dark \" >\n                More crafts            <\/h2>\n            [vc_empty_space][\/vc_column][\/vc_row][vc_row layout=&#8221;boxed&#8221;][vc_column width=&#8221;1\/2&#8243;][vc_hoverbox image=&#8221;6056&#8243; primary_title=&#8221;&#8221; hover_title=&#8221;Restoration of handfans&#8221; hover_title_font_container=&#8221;color:%23ffffff&#8221; hover_background_color=&#8221;custom&#8221; use_custom_fonts_hover_title=&#8221;true&#8221; hover_custom_background=&#8221;#000000&#8243;]We restore old handfans. You can bring that jewel you have at home and we will give back its shine.[\/vc_hoverbox][vc_empty_space height=&#8221;20px&#8221;][vc_hoverbox image=&#8221;6107&#8243; primary_title=&#8221;&#8221; hover_title=&#8221;Custom handfans&#8221; hover_title_font_container=&#8221;color:%23ffffff&#8221; hover_background_color=&#8221;custom&#8221; use_custom_fonts_hover_title=&#8221;true&#8221; reverse=&#8221;true&#8221; hover_custom_background=&#8221;#000000&#8243;]We customize your handfans. We put your name, we paint it together with your fallera dress, we shape your design &#8230;[\/vc_hoverbox][\/vc_column][vc_column width=&#8221;1\/2&#8243;][vc_hoverbox image=&#8221;6068&#8243; primary_title=&#8221;&#8221; hover_title=&#8221;We assemble bobbins, lace or crochet handfans&#8221; hover_title_font_container=&#8221;color:%23ffffff&#8221; hover_background_color=&#8221;custom&#8221; use_custom_fonts_hover_title=&#8221;true&#8221; reverse=&#8221;true&#8221; hover_custom_background=&#8221;#000000&#8243;]We assemble your country of bobbin or lace in the linkage that you like. In this order, come to our store, choose the linkage and finally according to the chosen linkage, make your country lace or bobbin. We will assemble it.[\/vc_hoverbox][vc_empty_space height=&#8221;20px&#8221;][vc_hoverbox image=&#8221;6101&#8243; primary_title=&#8221;&#8221; hover_title=&#8221;We sell clothes to paint&#8221; hover_title_font_container=&#8221;color:%23ffffff&#8221; hover_background_color=&#8221;custom&#8221; use_custom_fonts_hover_title=&#8221;true&#8221; hover_custom_background=&#8221;#000000&#8243;]If you want to make your own handfan, we will provide you with the cloth.[\/vc_hoverbox][\/vc_column][\/vc_row][vc_row layout=&#8221;boxed&#8221;][vc_column][vc_empty_space height=&#8221;45px&#8221;][vc_separator color=&#8221;custom&#8221; accent_color=&#8221;#ea1e54&#8243;][vc_empty_space height=&#8221;60px&#8221;][\/vc_column][\/vc_row]<\/p>\n","protected":false},"excerpt":{"rendered":"<p>[vc_row][vc_column][rev_slider_vc alias=&#8221;slider-inicio-ingles&#8221;][\/vc_column][\/vc_row][vc_row el_class=&#8221;margin-bottom-75&#8243;][vc_column][\/vc_column][\/vc_row][vc_row layout=&#8221;boxed&#8221; el_class=&#8221;text-center margin-bottom-60&#8243;][vc_column][vc_column_text css=&#8221;.vc_custom_1532677596156{padding-top: 15px !important;}&#8221;] Welcome, we are Guillermo and Paula Carbonell, 4th and 5th generation of a family dedicated to the manufacture of craft handfans. My great-grandfather Arturo Carbonell Rubio started his trade buying an old factory more than 200 years ago. He was followed by my grandfather A. Carbonell&#8230; <a class=\"read-more p-color\" rel=\"bookmark\" title=\"Home\" href=\"https:\/\/www.abanicoscarbonell.com\/en\/\">View more<\/a><\/p>\n","protected":false},"author":1,"featured_media":0,"parent":0,"menu_order":0,"comment_status":"closed","ping_status":"closed","template":"","meta":{"footnotes":""},"class_list":["post-6261","page","type-page","status-publish","hentry"],"yoast_head":"<!-- This site is optimized with the Yoast SEO plugin v26.0 - https:\/\/yoast.com\/wordpress\/plugins\/seo\/ -->\n<title>Home<\/title>\n<meta name=\"description\" content=\"Bienvenido a la p\u00e1gina web - tienda online de Abanicos Carbonell, empresa centenaria de Valencia dedicada a la fabricaci\u00f3n de abanicos artesanos y espa\u00f1oles.\" \/>\n<meta name=\"robots\" content=\"index, follow, max-snippet:-1, max-image-preview:large, max-video-preview:-1\" \/>\n<link rel=\"canonical\" href=\"https:\/\/www.abanicoscarbonell.com\/en\/\" \/>\n<meta property=\"og:locale\" content=\"en_US\" \/>\n<meta property=\"og:type\" content=\"article\" \/>\n<meta property=\"og:title\" content=\"Home\" \/>\n<meta property=\"og:description\" content=\"Bienvenido a la p\u00e1gina web - tienda online de Abanicos Carbonell, empresa centenaria de Valencia dedicada a la fabricaci\u00f3n de abanicos artesanos y espa\u00f1oles.\" \/>\n<meta property=\"og:url\" content=\"https:\/\/www.abanicoscarbonell.com\/en\/\" \/>\n<meta property=\"og:site_name\" content=\"Abanicos Carbonell\" \/>\n<meta property=\"article:publisher\" content=\"https:\/\/www.facebook.com\/abanicoscarbonell\/\" \/>\n<meta property=\"article:modified_time\" content=\"2018-10-08T16:33:00+00:00\" \/>\n<meta name=\"twitter:card\" content=\"summary_large_image\" \/>\n<meta name=\"twitter:site\" content=\"@HandfanCarbonel\" \/>\n<meta name=\"twitter:label1\" content=\"Est. reading time\" \/>\n\t<meta name=\"twitter:data1\" content=\"7 minutes\" \/>\n<script type=\"application\/ld+json\" class=\"yoast-schema-graph\">{\"@context\":\"https:\/\/schema.org\",\"@graph\":[{\"@type\":\"WebPage\",\"@id\":\"https:\/\/www.abanicoscarbonell.com\/en\/\",\"url\":\"https:\/\/www.abanicoscarbonell.com\/en\/\",\"name\":\"Home\",\"isPartOf\":{\"@id\":\"https:\/\/www.abanicoscarbonell.com\/en\/#website\"},\"datePublished\":\"2015-09-23T01:31:41+00:00\",\"dateModified\":\"2018-10-08T16:33:00+00:00\",\"description\":\"Bienvenido a la p\u00e1gina web - tienda online de Abanicos Carbonell, empresa centenaria de Valencia dedicada a la fabricaci\u00f3n de abanicos artesanos y espa\u00f1oles.\",\"breadcrumb\":{\"@id\":\"https:\/\/www.abanicoscarbonell.com\/en\/#breadcrumb\"},\"inLanguage\":\"en-US\",\"potentialAction\":[{\"@type\":\"ReadAction\",\"target\":[\"https:\/\/www.abanicoscarbonell.com\/en\/\"]}]},{\"@type\":\"BreadcrumbList\",\"@id\":\"https:\/\/www.abanicoscarbonell.com\/en\/#breadcrumb\",\"itemListElement\":[{\"@type\":\"ListItem\",\"position\":1,\"name\":\"Portada\",\"item\":\"https:\/\/www.abanicoscarbonell.com\/en\/\"},{\"@type\":\"ListItem\",\"position\":2,\"name\":\"Home\"}]},{\"@type\":\"WebSite\",\"@id\":\"https:\/\/www.abanicoscarbonell.com\/en\/#website\",\"url\":\"https:\/\/www.abanicoscarbonell.com\/en\/\",\"name\":\"Abanicos Carbonell\",\"description\":\"F\u00e1brica Espa\u00f1ola de Abanicos con m\u00e1s de 200 a\u00f1os de historia\",\"publisher\":{\"@id\":\"https:\/\/www.abanicoscarbonell.com\/en\/#organization\"},\"potentialAction\":[{\"@type\":\"SearchAction\",\"target\":{\"@type\":\"EntryPoint\",\"urlTemplate\":\"https:\/\/www.abanicoscarbonell.com\/en\/?s={search_term_string}\"},\"query-input\":{\"@type\":\"PropertyValueSpecification\",\"valueRequired\":true,\"valueName\":\"search_term_string\"}}],\"inLanguage\":\"en-US\"},{\"@type\":\"Organization\",\"@id\":\"https:\/\/www.abanicoscarbonell.com\/en\/#organization\",\"name\":\"Abanicos Carbonell\",\"url\":\"https:\/\/www.abanicoscarbonell.com\/en\/\",\"logo\":{\"@type\":\"ImageObject\",\"inLanguage\":\"en-US\",\"@id\":\"https:\/\/www.abanicoscarbonell.com\/en\/#\/schema\/logo\/image\/\",\"url\":\"https:\/\/www.abanicoscarbonell.com\/wp-content\/uploads\/2018\/06\/logo-web-1.png\",\"contentUrl\":\"https:\/\/www.abanicoscarbonell.com\/wp-content\/uploads\/2018\/06\/logo-web-1.png\",\"width\":156,\"height\":126,\"caption\":\"Abanicos Carbonell\"},\"image\":{\"@id\":\"https:\/\/www.abanicoscarbonell.com\/en\/#\/schema\/logo\/image\/\"},\"sameAs\":[\"https:\/\/www.facebook.com\/abanicoscarbonell\/\",\"https:\/\/x.com\/HandfanCarbonel\",\"https:\/\/www.instagram.com\/abanicos_carbonell\/\",\"https:\/\/www.pinterest.es\/abanicarbonell\/\"]}]}<\/script>\n<!-- \/ Yoast SEO plugin. -->","yoast_head_json":{"title":"Home","description":"Bienvenido a la p\u00e1gina web - tienda online de Abanicos Carbonell, empresa centenaria de Valencia dedicada a la fabricaci\u00f3n de abanicos artesanos y espa\u00f1oles.","robots":{"index":"index","follow":"follow","max-snippet":"max-snippet:-1","max-image-preview":"max-image-preview:large","max-video-preview":"max-video-preview:-1"},"canonical":"https:\/\/www.abanicoscarbonell.com\/en\/","og_locale":"en_US","og_type":"article","og_title":"Home","og_description":"Bienvenido a la p\u00e1gina web - tienda online de Abanicos Carbonell, empresa centenaria de Valencia dedicada a la fabricaci\u00f3n de abanicos artesanos y espa\u00f1oles.","og_url":"https:\/\/www.abanicoscarbonell.com\/en\/","og_site_name":"Abanicos Carbonell","article_publisher":"https:\/\/www.facebook.com\/abanicoscarbonell\/","article_modified_time":"2018-10-08T16:33:00+00:00","twitter_card":"summary_large_image","twitter_site":"@HandfanCarbonel","twitter_misc":{"Est. reading time":"7 minutes"},"schema":{"@context":"https:\/\/schema.org","@graph":[{"@type":"WebPage","@id":"https:\/\/www.abanicoscarbonell.com\/en\/","url":"https:\/\/www.abanicoscarbonell.com\/en\/","name":"Home","isPartOf":{"@id":"https:\/\/www.abanicoscarbonell.com\/en\/#website"},"datePublished":"2015-09-23T01:31:41+00:00","dateModified":"2018-10-08T16:33:00+00:00","description":"Bienvenido a la p\u00e1gina web - tienda online de Abanicos Carbonell, empresa centenaria de Valencia dedicada a la fabricaci\u00f3n de abanicos artesanos y espa\u00f1oles.","breadcrumb":{"@id":"https:\/\/www.abanicoscarbonell.com\/en\/#breadcrumb"},"inLanguage":"en-US","potentialAction":[{"@type":"ReadAction","target":["https:\/\/www.abanicoscarbonell.com\/en\/"]}]},{"@type":"BreadcrumbList","@id":"https:\/\/www.abanicoscarbonell.com\/en\/#breadcrumb","itemListElement":[{"@type":"ListItem","position":1,"name":"Portada","item":"https:\/\/www.abanicoscarbonell.com\/en\/"},{"@type":"ListItem","position":2,"name":"Home"}]},{"@type":"WebSite","@id":"https:\/\/www.abanicoscarbonell.com\/en\/#website","url":"https:\/\/www.abanicoscarbonell.com\/en\/","name":"Abanicos Carbonell","description":"F\u00e1brica Espa\u00f1ola de Abanicos con m\u00e1s de 200 a\u00f1os de historia","publisher":{"@id":"https:\/\/www.abanicoscarbonell.com\/en\/#organization"},"potentialAction":[{"@type":"SearchAction","target":{"@type":"EntryPoint","urlTemplate":"https:\/\/www.abanicoscarbonell.com\/en\/?s={search_term_string}"},"query-input":{"@type":"PropertyValueSpecification","valueRequired":true,"valueName":"search_term_string"}}],"inLanguage":"en-US"},{"@type":"Organization","@id":"https:\/\/www.abanicoscarbonell.com\/en\/#organization","name":"Abanicos Carbonell","url":"https:\/\/www.abanicoscarbonell.com\/en\/","logo":{"@type":"ImageObject","inLanguage":"en-US","@id":"https:\/\/www.abanicoscarbonell.com\/en\/#\/schema\/logo\/image\/","url":"https:\/\/www.abanicoscarbonell.com\/wp-content\/uploads\/2018\/06\/logo-web-1.png","contentUrl":"https:\/\/www.abanicoscarbonell.com\/wp-content\/uploads\/2018\/06\/logo-web-1.png","width":156,"height":126,"caption":"Abanicos Carbonell"},"image":{"@id":"https:\/\/www.abanicoscarbonell.com\/en\/#\/schema\/logo\/image\/"},"sameAs":["https:\/\/www.facebook.com\/abanicoscarbonell\/","https:\/\/x.com\/HandfanCarbonel","https:\/\/www.instagram.com\/abanicos_carbonell\/","https:\/\/www.pinterest.es\/abanicarbonell\/"]}]}},"_links":{"self":[{"href":"https:\/\/www.abanicoscarbonell.com\/en\/wp-json\/wp\/v2\/pages\/6261","targetHints":{"allow":["GET"]}}],"collection":[{"href":"https:\/\/www.abanicoscarbonell.com\/en\/wp-json\/wp\/v2\/pages"}],"about":[{"href":"https:\/\/www.abanicoscarbonell.com\/en\/wp-json\/wp\/v2\/types\/page"}],"author":[{"embeddable":true,"href":"https:\/\/www.abanicoscarbonell.com\/en\/wp-json\/wp\/v2\/users\/1"}],"replies":[{"embeddable":true,"href":"https:\/\/www.abanicoscarbonell.com\/en\/wp-json\/wp\/v2\/comments?post=6261"}],"version-history":[{"count":27,"href":"https:\/\/www.abanicoscarbonell.com\/en\/wp-json\/wp\/v2\/pages\/6261\/revisions"}],"predecessor-version":[{"id":6272,"href":"https:\/\/www.abanicoscarbonell.com\/en\/wp-json\/wp\/v2\/pages\/6261\/revisions\/6272"}],"wp:attachment":[{"href":"https:\/\/www.abanicoscarbonell.com\/en\/wp-json\/wp\/v2\/media?parent=6261"}],"curies":[{"name":"wp","href":"https:\/\/api.w.org\/{rel}","templated":true}]}}