{"id":6072,"date":"2018-08-06T08:44:43","date_gmt":"2018-08-06T08:44:43","guid":{"rendered":"https:\/\/abanicoscarbonell.com\/f-a-q\/"},"modified":"2018-10-08T16:07:03","modified_gmt":"2018-10-08T16:07:03","slug":"f-a-q","status":"publish","type":"page","link":"https:\/\/www.abanicoscarbonell.com\/en\/f-a-q\/","title":{"rendered":"F.A.Q"},"content":{"rendered":"<p>[vc_row layout=&#8221;boxed&#8221;][vc_column][vc_separator][vc_column_text css=&#8221;.vc_custom_1530886889612{margin-top: 60px !important;margin-bottom: 54px !important;}&#8221;]<\/p>\n<h3 id=\"tw-target-text-container\" class=\"tw-ta-container tw-nfl\" style=\"text-align: center;\"><span style=\"font-family: georgia, palatino, serif; font-size: 12pt;\"><b><i>How to order?<\/i><\/b><\/span><\/h3>\n<p>[\/vc_column_text][\/vc_column][\/vc_row][vc_row layout=&#8221;boxed&#8221; css=&#8221;.vc_custom_1443843251747{margin-bottom: 43px !important;}&#8221;][vc_column width=&#8221;1\/2&#8243; el_class=&#8221;col-md-6 col-sm-12 sm-margin-bottom-30&#8243;][vc_column_text css=&#8221;.vc_custom_1530886953154{margin-bottom: 7px !important;}&#8221;]<br \/>\nWHAT PAYMENT METHODS ARE AVAILABLE?<br \/>\n[\/vc_column_text][vc_column_text css=&#8221;.vc_custom_1539009929122{margin-bottom: 30px !important;padding-top: 25px !important;padding-right: 25px !important;padding-bottom: 25px !important;padding-left: 25px !important;background-color: #dddddd !important;}&#8221;]<br \/>\nIn our online store <a href=\"https:\/\/abanicoscarbonell.com\/\">www.abanicoscarbonell.com<\/a> you can pay by credit card, by Paypal or by bank transfer. In our physical store of\u00a0 Castell\u00f3n Street, 21 in Valencia. You can pay for your purchases by credit card or cash.<br \/>\n[\/vc_column_text][vc_column_text css=&#8221;.vc_custom_1530886945554{margin-bottom: 7px !important;}&#8221;]<br \/>\nCAN I BUY FROM OUTSIDE SPAIN?<br \/>\n[\/vc_column_text][vc_column_text css=&#8221;.vc_custom_1538986853381{margin-bottom: 30px !important;padding-top: 25px !important;padding-right: 25px !important;padding-bottom: 25px !important;padding-left: 25px !important;background-color: #dddddd !important;}&#8221;]<br \/>\nYes of course. Abanicos Carbonell C.B sends its handfans to practically any country in the world.<br \/>\n[\/vc_column_text][\/vc_column][vc_column width=&#8221;1\/2&#8243; el_class=&#8221;col-md-6 col-sm-12&#8243;][vc_column_text css=&#8221;.vc_custom_1530886975026{margin-bottom: 7px !important;}&#8221;]<br \/>\nHOW LONG IT WOUD TAKE TO GET MY ORDER?<br \/>\n[\/vc_column_text][vc_column_text css=&#8221;.vc_custom_1538986800836{margin-bottom: 30px !important;padding-top: 25px !important;padding-right: 25px !important;padding-bottom: 25px !important;padding-left: 25px !important;background-color: #dddddd !important;}&#8221;]<br \/>\nDepending on the country to which the shipment is made, a range can take between 1 and 10 days to arrive at destination. A special case is Paula Carbonell handfans that are made to order. When the purchase is made, Paula begins the process of creating a handfan that is totally exclusive and that can take to reach the destination from 2 to 30 days.<br \/>\n[\/vc_column_text][vc_column_text css=&#8221;.vc_custom_1530887002882{margin-bottom: 7px !important;}&#8221;]<br \/>\nHOW CAN I CONTACT IF\u00a0 HAVE ANY QUESTIONS?<br \/>\n[\/vc_column_text][vc_column_text css=&#8221;.vc_custom_1532905721756{margin-bottom: 30px !important;padding-top: 25px !important;padding-right: 25px !important;padding-bottom: 25px !important;padding-left: 25px !important;background-color: #dddddd !important;}&#8221;]<\/p>\n<p style=\"text-align: center;\">You can contact by e-mail through our <a href=\"https:\/\/www.abanicoscarbonell.com\/en\/contact\/\">contact form<\/a> or by calling our store at the telephone number 963 41 53 95 with 0034 in front if you call from outside Spain<\/p>\n<p>[\/vc_column_text][vc_column_text css=&#8221;.vc_custom_1530887022331{margin-bottom: 7px !important;}&#8221;]<br \/>\nRETURN POLICY<br \/>\n[\/vc_column_text][vc_column_text css=&#8221;.vc_custom_1538987321949{margin-bottom: 30px !important;padding-top: 25px !important;padding-right: 25px !important;padding-bottom: 25px !important;padding-left: 25px !important;background-color: #dddddd !important;}&#8221;]<br \/>\nAt Abanicos Carbonell C.B we have a strict return policy since we are talking about handmade Spanish crafts. The return can be made, at most, 48 hours after the moment of receipt.<br \/>\n[\/vc_column_text][\/vc_column][\/vc_row]<\/p>\n","protected":false},"excerpt":{"rendered":"<p>[vc_row layout=&#8221;boxed&#8221;][vc_column][vc_separator][vc_column_text css=&#8221;.vc_custom_1530886889612{margin-top: 60px !important;margin-bottom: 54px !important;}&#8221;] How to order? [\/vc_column_text][\/vc_column][\/vc_row][vc_row layout=&#8221;boxed&#8221; css=&#8221;.vc_custom_1443843251747{margin-bottom: 43px !important;}&#8221;][vc_column width=&#8221;1\/2&#8243; el_class=&#8221;col-md-6 col-sm-12 sm-margin-bottom-30&#8243;][vc_column_text css=&#8221;.vc_custom_1530886953154{margin-bottom: 7px !important;}&#8221;] WHAT PAYMENT METHODS ARE AVAILABLE? [\/vc_column_text][vc_column_text css=&#8221;.vc_custom_1539009929122{margin-bottom: 30px !important;padding-top: 25px !important;padding-right: 25px !important;padding-bottom: 25px !important;padding-left: 25px !important;background-color: #dddddd !important;}&#8221;] In our online store www.abanicoscarbonell.com you can pay by credit card, by Paypal or&#8230; <a class=\"read-more p-color\" rel=\"bookmark\" title=\"F.A.Q\" href=\"https:\/\/www.abanicoscarbonell.com\/en\/f-a-q\/\">View more<\/a><\/p>\n","protected":false},"author":1,"featured_media":0,"parent":0,"menu_order":0,"comment_status":"closed","ping_status":"closed","template":"","meta":{"footnotes":""},"class_list":["post-6072","page","type-page","status-publish","hentry"],"yoast_head":"<!-- This site is optimized with the Yoast SEO plugin v26.0 - https:\/\/yoast.com\/wordpress\/plugins\/seo\/ -->\n<title>F.A.Q<\/title>\n<meta name=\"description\" content=\"Abanicos Carbonell answers the questions of the users of its website and guides them in the process of buying artisanal fans, Spain brand.\" \/>\n<meta name=\"robots\" content=\"index, follow, max-snippet:-1, max-image-preview:large, max-video-preview:-1\" \/>\n<link rel=\"canonical\" href=\"https:\/\/www.abanicoscarbonell.com\/en\/f-a-q\/\" \/>\n<meta property=\"og:locale\" content=\"en_US\" \/>\n<meta property=\"og:type\" content=\"article\" \/>\n<meta property=\"og:title\" content=\"F.A.Q\" \/>\n<meta property=\"og:description\" content=\"Abanicos Carbonell answers the questions of the users of its website and guides them in the process of buying artisanal fans, Spain brand.\" \/>\n<meta property=\"og:url\" content=\"https:\/\/www.abanicoscarbonell.com\/en\/f-a-q\/\" \/>\n<meta property=\"og:site_name\" content=\"Abanicos Carbonell\" \/>\n<meta property=\"article:publisher\" content=\"https:\/\/www.facebook.com\/abanicoscarbonell\/\" \/>\n<meta property=\"article:modified_time\" content=\"2018-10-08T16:07:03+00:00\" \/>\n<meta name=\"twitter:card\" content=\"summary_large_image\" \/>\n<meta name=\"twitter:site\" content=\"@HandfanCarbonel\" \/>\n<meta name=\"twitter:label1\" content=\"Est. reading time\" \/>\n\t<meta name=\"twitter:data1\" content=\"2 minutes\" \/>\n<script type=\"application\/ld+json\" class=\"yoast-schema-graph\">{\"@context\":\"https:\/\/schema.org\",\"@graph\":[{\"@type\":\"WebPage\",\"@id\":\"https:\/\/www.abanicoscarbonell.com\/en\/f-a-q\/\",\"url\":\"https:\/\/www.abanicoscarbonell.com\/en\/f-a-q\/\",\"name\":\"F.A.Q\",\"isPartOf\":{\"@id\":\"https:\/\/www.abanicoscarbonell.com\/en\/#website\"},\"datePublished\":\"2018-08-06T08:44:43+00:00\",\"dateModified\":\"2018-10-08T16:07:03+00:00\",\"description\":\"Abanicos Carbonell answers the questions of the users of its website and guides them in the process of buying artisanal fans, Spain brand.\",\"breadcrumb\":{\"@id\":\"https:\/\/www.abanicoscarbonell.com\/en\/f-a-q\/#breadcrumb\"},\"inLanguage\":\"en-US\",\"potentialAction\":[{\"@type\":\"ReadAction\",\"target\":[\"https:\/\/www.abanicoscarbonell.com\/en\/f-a-q\/\"]}]},{\"@type\":\"BreadcrumbList\",\"@id\":\"https:\/\/www.abanicoscarbonell.com\/en\/f-a-q\/#breadcrumb\",\"itemListElement\":[{\"@type\":\"ListItem\",\"position\":1,\"name\":\"Portada\",\"item\":\"https:\/\/www.abanicoscarbonell.com\/en\/\"},{\"@type\":\"ListItem\",\"position\":2,\"name\":\"F.A.Q\"}]},{\"@type\":\"WebSite\",\"@id\":\"https:\/\/www.abanicoscarbonell.com\/en\/#website\",\"url\":\"https:\/\/www.abanicoscarbonell.com\/en\/\",\"name\":\"Abanicos Carbonell\",\"description\":\"F\u00e1brica Espa\u00f1ola de Abanicos con m\u00e1s de 200 a\u00f1os de historia\",\"publisher\":{\"@id\":\"https:\/\/www.abanicoscarbonell.com\/en\/#organization\"},\"potentialAction\":[{\"@type\":\"SearchAction\",\"target\":{\"@type\":\"EntryPoint\",\"urlTemplate\":\"https:\/\/www.abanicoscarbonell.com\/en\/?s={search_term_string}\"},\"query-input\":{\"@type\":\"PropertyValueSpecification\",\"valueRequired\":true,\"valueName\":\"search_term_string\"}}],\"inLanguage\":\"en-US\"},{\"@type\":\"Organization\",\"@id\":\"https:\/\/www.abanicoscarbonell.com\/en\/#organization\",\"name\":\"Abanicos Carbonell\",\"url\":\"https:\/\/www.abanicoscarbonell.com\/en\/\",\"logo\":{\"@type\":\"ImageObject\",\"inLanguage\":\"en-US\",\"@id\":\"https:\/\/www.abanicoscarbonell.com\/en\/#\/schema\/logo\/image\/\",\"url\":\"https:\/\/www.abanicoscarbonell.com\/wp-content\/uploads\/2018\/06\/logo-web-1.png\",\"contentUrl\":\"https:\/\/www.abanicoscarbonell.com\/wp-content\/uploads\/2018\/06\/logo-web-1.png\",\"width\":156,\"height\":126,\"caption\":\"Abanicos Carbonell\"},\"image\":{\"@id\":\"https:\/\/www.abanicoscarbonell.com\/en\/#\/schema\/logo\/image\/\"},\"sameAs\":[\"https:\/\/www.facebook.com\/abanicoscarbonell\/\",\"https:\/\/x.com\/HandfanCarbonel\",\"https:\/\/www.instagram.com\/abanicos_carbonell\/\",\"https:\/\/www.pinterest.es\/abanicarbonell\/\"]}]}<\/script>\n<!-- \/ Yoast SEO plugin. -->","yoast_head_json":{"title":"F.A.Q","description":"Abanicos Carbonell answers the questions of the users of its website and guides them in the process of buying artisanal fans, Spain brand.","robots":{"index":"index","follow":"follow","max-snippet":"max-snippet:-1","max-image-preview":"max-image-preview:large","max-video-preview":"max-video-preview:-1"},"canonical":"https:\/\/www.abanicoscarbonell.com\/en\/f-a-q\/","og_locale":"en_US","og_type":"article","og_title":"F.A.Q","og_description":"Abanicos Carbonell answers the questions of the users of its website and guides them in the process of buying artisanal fans, Spain brand.","og_url":"https:\/\/www.abanicoscarbonell.com\/en\/f-a-q\/","og_site_name":"Abanicos Carbonell","article_publisher":"https:\/\/www.facebook.com\/abanicoscarbonell\/","article_modified_time":"2018-10-08T16:07:03+00:00","twitter_card":"summary_large_image","twitter_site":"@HandfanCarbonel","twitter_misc":{"Est. reading time":"2 minutes"},"schema":{"@context":"https:\/\/schema.org","@graph":[{"@type":"WebPage","@id":"https:\/\/www.abanicoscarbonell.com\/en\/f-a-q\/","url":"https:\/\/www.abanicoscarbonell.com\/en\/f-a-q\/","name":"F.A.Q","isPartOf":{"@id":"https:\/\/www.abanicoscarbonell.com\/en\/#website"},"datePublished":"2018-08-06T08:44:43+00:00","dateModified":"2018-10-08T16:07:03+00:00","description":"Abanicos Carbonell answers the questions of the users of its website and guides them in the process of buying artisanal fans, Spain brand.","breadcrumb":{"@id":"https:\/\/www.abanicoscarbonell.com\/en\/f-a-q\/#breadcrumb"},"inLanguage":"en-US","potentialAction":[{"@type":"ReadAction","target":["https:\/\/www.abanicoscarbonell.com\/en\/f-a-q\/"]}]},{"@type":"BreadcrumbList","@id":"https:\/\/www.abanicoscarbonell.com\/en\/f-a-q\/#breadcrumb","itemListElement":[{"@type":"ListItem","position":1,"name":"Portada","item":"https:\/\/www.abanicoscarbonell.com\/en\/"},{"@type":"ListItem","position":2,"name":"F.A.Q"}]},{"@type":"WebSite","@id":"https:\/\/www.abanicoscarbonell.com\/en\/#website","url":"https:\/\/www.abanicoscarbonell.com\/en\/","name":"Abanicos Carbonell","description":"F\u00e1brica Espa\u00f1ola de Abanicos con m\u00e1s de 200 a\u00f1os de historia","publisher":{"@id":"https:\/\/www.abanicoscarbonell.com\/en\/#organization"},"potentialAction":[{"@type":"SearchAction","target":{"@type":"EntryPoint","urlTemplate":"https:\/\/www.abanicoscarbonell.com\/en\/?s={search_term_string}"},"query-input":{"@type":"PropertyValueSpecification","valueRequired":true,"valueName":"search_term_string"}}],"inLanguage":"en-US"},{"@type":"Organization","@id":"https:\/\/www.abanicoscarbonell.com\/en\/#organization","name":"Abanicos Carbonell","url":"https:\/\/www.abanicoscarbonell.com\/en\/","logo":{"@type":"ImageObject","inLanguage":"en-US","@id":"https:\/\/www.abanicoscarbonell.com\/en\/#\/schema\/logo\/image\/","url":"https:\/\/www.abanicoscarbonell.com\/wp-content\/uploads\/2018\/06\/logo-web-1.png","contentUrl":"https:\/\/www.abanicoscarbonell.com\/wp-content\/uploads\/2018\/06\/logo-web-1.png","width":156,"height":126,"caption":"Abanicos Carbonell"},"image":{"@id":"https:\/\/www.abanicoscarbonell.com\/en\/#\/schema\/logo\/image\/"},"sameAs":["https:\/\/www.facebook.com\/abanicoscarbonell\/","https:\/\/x.com\/HandfanCarbonel","https:\/\/www.instagram.com\/abanicos_carbonell\/","https:\/\/www.pinterest.es\/abanicarbonell\/"]}]}},"_links":{"self":[{"href":"https:\/\/www.abanicoscarbonell.com\/en\/wp-json\/wp\/v2\/pages\/6072","targetHints":{"allow":["GET"]}}],"collection":[{"href":"https:\/\/www.abanicoscarbonell.com\/en\/wp-json\/wp\/v2\/pages"}],"about":[{"href":"https:\/\/www.abanicoscarbonell.com\/en\/wp-json\/wp\/v2\/types\/page"}],"author":[{"embeddable":true,"href":"https:\/\/www.abanicoscarbonell.com\/en\/wp-json\/wp\/v2\/users\/1"}],"replies":[{"embeddable":true,"href":"https:\/\/www.abanicoscarbonell.com\/en\/wp-json\/wp\/v2\/comments?post=6072"}],"version-history":[{"count":23,"href":"https:\/\/www.abanicoscarbonell.com\/en\/wp-json\/wp\/v2\/pages\/6072\/revisions"}],"predecessor-version":[{"id":6286,"href":"https:\/\/www.abanicoscarbonell.com\/en\/wp-json\/wp\/v2\/pages\/6072\/revisions\/6286"}],"wp:attachment":[{"href":"https:\/\/www.abanicoscarbonell.com\/en\/wp-json\/wp\/v2\/media?parent=6072"}],"curies":[{"name":"wp","href":"https:\/\/api.w.org\/{rel}","templated":true}]}}